{"id":3512,"date":"2018-05-23T22:19:45","date_gmt":"2018-05-23T20:19:45","guid":{"rendered":"http:\/\/eintrachtschmalfeld.org\/?page_id=3512"},"modified":"2025-04-09T09:12:15","modified_gmt":"2025-04-09T07:12:15","slug":"datenschutzerklaerung","status":"publish","type":"page","link":"https:\/\/eintrachtschmalfeld.org\/?page_id=3512","title":{"rendered":"Datenschutzerkl\u00e4rung"},"content":{"rendered":"<h3 id=\"dsg-controller-input\">Verantwortlicher<\/h3>\n<p><span id=\"ts-muster-controller-input-preview\" class=\"preview\">Dieter Ascheberg<br \/>\nSchusterkamp 5<br \/>\n24640 Schmalfeld<br \/>\nDeutschland<br \/>\ndieter.ascheberg@eintrachtschmalfeld.org<\/span><\/p>\n<p>Vorsitzende des Gesangverein Eintracht Schmalfeld von 1891 ist:<br \/>\nder Vorstand des Gesangvereins<br \/>\nEintracht Schmalfeld<br \/>\nvertreten durch<br \/>\nIrmtraut Domeyer<br \/>\nSchulstra\u00dfe 5<br \/>\n24640 Schmalfeld<br \/>\nDeutschland<\/p>\n<p>Impressum: <a title=\"Impressum\" href=\"https:\/\/eintrachtschmalfeld.org\/?page id=3508\" target=\"_blank\" rel=\"noopener\">www.eintrachtschmalfeld.org\/Impressum<\/a><\/p>\n<h3 id=\"dsg-organisation\">Erbringung unserer satzungs- und gesch\u00e4ftsgem\u00e4\u00dfen Leistungen<\/h3>\n<p><span class=\"ts-muster-content\">Wir verarbeiten die Daten unserer Mitglieder, Unterst\u00fctzer, Interessenten, Kunden oder sonstiger Personen entsprechend Art. 6 Abs. 1 lit. b. DSGVO, sofern wir ihnen gegen\u00fcber vertragliche Leistungen anbieten oder im Rahmen bestehender gesch\u00e4ftlicher Beziehung, z.B. gegen\u00fcber Mitgliedern, t\u00e4tig werden oder selbst Empf\u00e4nger von Leistungen und Zuwendungen sind. Im \u00dcbrigen verarbeiten wir die Daten betroffener Personen gem. Art. 6 Abs. 1 lit. f. DSGVO auf Grundlage unserer berechtigten Interessen, z.B. wenn es sich um administrative Aufgaben oder \u00d6ffentlichkeitsarbeit handelt.<\/span><\/p>\n<p>Die hierbei verarbeiteten Daten, die Art, der Umfang und der Zweck und die Erforderlichkeit ihrer Verarbeitung bestimmen sich nach dem zugrundeliegenden Vertragsverh\u00e4ltnis. Dazu geh\u00f6ren grunds\u00e4tzlich Bestands- und Stammdaten der Personen (z.B., Name, Adresse, etc.), als auch die Kontaktdaten (z.B., E-Mailadresse, Telefon, etc.), die Vertragsdaten (z.B., in Anspruch genommene Leistungen, mitgeteilte Inhalte und Informationen, Namen von Kontaktpersonen) und sofern wir zahlungspflichtige Leistungen oder Produkte anbieten, Zahlungsdaten (z.B., Bankverbindung, Zahlungshistorie, etc.).<\/p>\n<p>Wir l\u00f6schen Daten, die zur Erbringung unserer satzungs- und gesch\u00e4ftsm\u00e4\u00dfigen Zwecke nicht mehr erforderlich sind. Dies bestimmt sich entsprechend der jeweiligen Aufgaben und vertraglichen Beziehungen. Im Fall gesch\u00e4ftlicher Verarbeitung bewahren wir die Daten so lange auf, wie sie zur Gesch\u00e4ftsabwicklung, als auch im Hinblick auf etwaige Gew\u00e4hrleistungs- oder Haftungspflichten relevant sein k\u00f6nnen. Die Erforderlichkeit der Aufbewahrung der Daten wird alle drei Jahre \u00fcberpr\u00fcft; im \u00dcbrigen gelten die gesetzlichen Aufbewahrungspflichten.<\/p>\n<h3 id=\"dsg-registration\">Registrierfunktion<\/h3>\n<p><span class=\"ts-muster-content\">Nutzer k\u00f6nnen ein Nutzerkonto anlegen. Im Rahmen der Registrierung werden die erforderlichen Pflichtangaben den Nutzern mitgeteilt und auf Grundlage des Art. 6 Abs. 1 lit. b DSGVO zu Zwecken der Bereitstellung des Nutzerkontos verarbeitet. Zu den verarbeiteten Daten geh\u00f6ren insbesondere die Login-Informationen (Name, Passwort sowie eine E-Mailadresse). Die im Rahmen der Registrierung eingegebenen Daten werden f\u00fcr die Zwecke der Nutzung des Nutzerkontos und dessen Zwecks verwendet.<\/span><\/p>\n<p>Die Nutzer k\u00f6nnen \u00fcber Informationen, die f\u00fcr deren Nutzerkonto relevant sind, wie z.B. technische \u00c4nderungen, per E-Mail informiert werden. Wenn Nutzer ihr Nutzerkonto gek\u00fcndigt haben, werden deren Daten im Hinblick auf das Nutzerkonto, vorbehaltlich einer gesetzlichen Aufbewahrungspflicht, gel\u00f6scht. Es obliegt den Nutzern, ihre Daten bei erfolgter K\u00fcndigung vor dem Vertragsende zu sichern. Wir sind berechtigt, s\u00e4mtliche w\u00e4hrend der Vertragsdauer gespeicherten Daten des Nutzers unwiederbringlich zu l\u00f6schen.<\/p>\n<p>Im Rahmen der Inanspruchnahme unserer Registrierungs- und Anmeldefunktionen sowie der Nutzung des Nutzerkontos, speichern wird die IP-Adresse und den Zeitpunkt der jeweiligen Nutzerhandlung. Die Speicherung erfolgt auf Grundlage unserer berechtigten Interessen, als auch der Nutzer an Schutz vor Missbrauch und sonstiger unbefugter Nutzung. Eine Weitergabe dieser Daten an Dritte erfolgt grunds\u00e4tzlich nicht, au\u00dfer sie ist zur Verfolgung unserer Anspr\u00fcche erforderlich oder es besteht hierzu eine gesetzliche Verpflichtung gem. Art. 6 Abs. 1 lit. c DSGVO. Die IP-Adressen werden sp\u00e4testens nach 7 Tagen anonymisiert oder gel\u00f6scht.<\/p>\n<p>Nutzerkonten sind \u00f6ffentlich und k\u00f6nnen von Suchmaschinen nicht indexiert werden.<\/p>\n<h3 id=\"dsg-comments\">Kommentare und Beitr\u00e4ge<\/h3>\n<p><span class=\"ts-muster-content\">Wenn Nutzer Kommentare oder sonstige Beitr\u00e4ge hinterlassen, k\u00f6nnen ihre IP-Adressen auf Grundlage unserer berechtigten Interessen im Sinne des Art. 6 Abs. 1 lit. f. DSGVO f\u00fcr 7 Tage gespeichert werden. Das erfolgt zu unserer Sicherheit, falls jemand in Kommentaren und Beitr\u00e4gen widerrechtliche Inhalte hinterl\u00e4sst (Beleidigungen, verbotene politische Propaganda, etc.). In diesem Fall k\u00f6nnen wir selbst f\u00fcr den Kommentar oder Beitrag belangt werden und sind daher an der Identit\u00e4t des Verfassers interessiert.<\/span><\/p>\n<p>Des Weiteren behalten wir uns vor, auf Grundlage unserer berechtigten Interessen gem. Art. 6 Abs. 1 lit. f. DSGVO, die Angaben der Nutzer zwecks Spamerkennung zu verarbeiten.<\/p>\n<p>Die im Rahmen der Kommentare und Beitr\u00e4ge angegebenen Daten, werden von uns bis zum Widerspruch der Nutzer dauerhaft gespeichert.<\/p>\n<h3 id=\"dsg-subscribetocomments\">Kommentarabonnements<\/h3>\n<p><span class=\"ts-muster-content\">Die Nachfolgekommentare k\u00f6nnen durch Nutzer mit deren Einwilligung gem. Art. 6 Abs. 1 lit. a DSGVO abonniert werden. Die Nutzer erhalten eine Best\u00e4tigungsemail, um zu \u00fcberpr\u00fcfen, ob sie der Inhaber der eingegebenen Emailadresse sind. Nutzer k\u00f6nnen laufende Kommentarabonnements jederzeit abbestellen. Die Best\u00e4tigungsemail wird Hinweise zu den Widerrufsm\u00f6glichkeiten enthalten. F\u00fcr die Zwecke des Nachweises der Einwilligung der Nutzer, speichern wir den Anmeldezeitpunkt nebst der IP-Adresse der Nutzer und l\u00f6schen diese Informationen, wenn Nutzer sich von dem Abonnement abmelden.<\/span><\/p>\n<p>Sie k\u00f6nnen den Empfang unseres Abonnemenets jederzeit k\u00fcndigen, d.h. Ihre Einwilligungen widerrufen. Wir k\u00f6nnen die ausgetragenen E-Mailadressen bis zu drei Jahren auf Grundlage unserer berechtigten Interessen speichern bevor wir sie l\u00f6schen, um eine ehemals gegebene Einwilligung nachweisen zu k\u00f6nnen. Die Verarbeitung dieser Daten wird auf den Zweck einer m\u00f6glichen Abwehr von Anspr\u00fcchen beschr\u00e4nkt. Ein individueller L\u00f6schungsantrag ist jederzeit m\u00f6glich, sofern zugleich das ehemalige Bestehen einer Einwilligung best\u00e4tigt wird.<\/p>\n<h3 id=\"dsg-akismet\">Akismet Anti-Spam-Pr\u00fcfung<\/h3>\n<p><span class=\"ts-muster-content\">Unser Onlineangebot nutzt den Dienst \u201eAkismet\u201c, der von der Automattic Inc., 60 29th Street #343, San Francisco, CA 94110, USA, angeboten wird. Die Nutzung erfolgt auf Grundlage unserer berechtigten Interessen im Sinne des Art. 6 Abs. 1 lit. f) DSGVO. Mit Hilfe dieses Dienstes werden Kommentare echter Menschen von Spam-Kommentaren unterschieden. Dazu werden alle Kommentarangaben an einen Server in den USA verschickt, wo sie analysiert und f\u00fcr Vergleichszwecke vier Tage lang gespeichert werden. Ist ein Kommentar als Spam eingestuft worden, werden die Daten \u00fcber diese Zeit hinaus gespeichert. Zu diesen Angaben geh\u00f6ren der eingegebene Name, die Emailadresse, die IP-Adresse, der Kommentarinhalt, der Referrer, Angaben zum verwendeten Browser sowie dem Computersystem und die Zeit des Eintrags.<\/span><\/p>\n<p>N\u00e4here Informationen zur Erhebung und Nutzung der Daten durch Akismet finden sich in den Datenschutzhinweisen von Automattic: <a href=\"https:\/\/automattic.com\/privacy\/\" target=\"_blank\" rel=\"noopener\">https:\/\/automattic.com\/privacy\/<\/a>.<\/p>\n<p>Nutzer k\u00f6nnen gerne Pseudonyme nutzen, oder auf die Eingabe des Namens oder der Emailadresse verzichten. Sie k\u00f6nnen die \u00dcbertragung der Daten komplett verhindern, indem Sie unser Kommentarsystem nicht nutzen. Das w\u00e4re schade, aber leider sehen wir sonst keine Alternativen, die ebenso effektiv arbeiten.<\/p>\n<h3 id=\"dsg-contact\">Kontaktaufnahme<\/h3>\n<p><span class=\"ts-muster-content\">Bei der Kontaktaufnahme mit uns (z.B. per Kontaktformular, E-Mail, Telefon oder via sozialer Medien) werden die Angaben des Nutzers zur Bearbeitung der Kontaktanfrage und deren Abwicklung gem. Art. 6 Abs. 1 lit. b) DSGVO verarbeitet. Die Angaben der Nutzer k\u00f6nnen in einem Customer-Relationship-Management System (&#8222;CRM System&#8220;) oder vergleichbarer Anfragenorganisation gespeichert werden.<\/span><\/p>\n<p>Wir l\u00f6schen die Anfragen, sofern diese nicht mehr erforderlich sind. Wir \u00fcberpr\u00fcfen die Erforderlichkeit alle zwei Jahre; Ferner gelten die gesetzlichen Archivierungspflichten.<\/p>\n<h3 id=\"dsg-logfiles\">Erhebung von Zugriffsdaten und Logfiles<\/h3>\n<p><span class=\"ts-muster-content\">Wir, bzw. unser Hostinganbieter, erhebt auf Grundlage unserer berechtigten Interessen im Sinne des Art. 6 Abs. 1 lit. f. DSGVO Daten \u00fcber jeden Zugriff auf den Server, auf dem sich dieser Dienst befindet (sogenannte Serverlogfiles). Zu den Zugriffsdaten geh\u00f6ren Name der abgerufenen Webseite, Datei, Datum und Uhrzeit des Abrufs, \u00fcbertragene Datenmenge, Meldung \u00fcber erfolgreichen Abruf, Browsertyp nebst Version, das Betriebssystem des Nutzers, Referrer URL (die zuvor besuchte Seite), IP-Adresse und der anfragende Provider.<\/span><\/p>\n<p>Logfile-Informationen werden aus Sicherheitsgr\u00fcnden (z.B. zur Aufkl\u00e4rung von Missbrauchs- oder Betrugshandlungen) f\u00fcr die Dauer von maximal 7 Tagen gespeichert und danach gel\u00f6scht. Daten, deren weitere Aufbewahrung zu Beweiszwecken erforderlich ist, sind bis zur endg\u00fcltigen Kl\u00e4rung des jeweiligen Vorfalls von der L\u00f6schung ausgenommen.<\/p>\n<h3 id=\"dsg-thirdparty-einleitung\">Einbindung von Diensten und Inhalten Dritter<\/h3>\n<p><span class=\"ts-muster-content\">Wir setzen innerhalb unseres Onlineangebotes auf Grundlage unserer berechtigten Interessen (d.h. Interesse an der Analyse, Optimierung und wirtschaftlichem Betrieb unseres Onlineangebotes im Sinne des Art. 6 Abs. 1 lit. f. DSGVO) Inhalts- oder Serviceangebote von Drittanbietern ein, um deren Inhalte und Services, wie z.B. Videos oder Schriftarten einzubinden (nachfolgend einheitlich bezeichnet als \u201cInhalte\u201d).<\/span><\/p>\n<p>Dies setzt immer voraus, dass die Drittanbieter dieser Inhalte, die IP-Adresse der Nutzer wahrnehmen, da sie ohne die IP-Adresse die Inhalte nicht an deren Browser senden k\u00f6nnten. Die IP-Adresse ist damit f\u00fcr die Darstellung dieser Inhalte erforderlich. Wir bem\u00fchen uns nur solche Inhalte zu verwenden, deren jeweilige Anbieter die IP-Adresse lediglich zur Auslieferung der Inhalte verwenden. Drittanbieter k\u00f6nnen ferner so genannte Pixel-Tags (unsichtbare Grafiken, auch als &#8222;Web Beacons&#8220; bezeichnet) f\u00fcr statistische oder Marketingzwecke verwenden. Durch die &#8222;Pixel-Tags&#8220; k\u00f6nnen Informationen, wie der Besucherverkehr auf den Seiten dieser Website ausgewertet werden. Die pseudonymen Informationen k\u00f6nnen ferner in Cookies auf dem Ger\u00e4t der Nutzer gespeichert werden und unter anderem technische Informationen zum Browser und Betriebssystem, verweisende Webseiten, Besuchszeit sowie weitere Angaben zur Nutzung unseres Onlineangebotes enthalten, als auch mit solchen Informationen aus anderen Quellen verbunden werden.<\/p>\n<h3 id=\"dsg-facebook-plugin\">Verwendung von Facebook Social Plugins<\/h3>\n<p><span class=\"ts-muster-content\">Wir nutzen auf Grundlage unserer berechtigten Interessen (d.h. Interesse an der Analyse, Optimierung und wirtschaftlichem Betrieb unseres Onlineangebotes im Sinne des Art. 6 Abs. 1 lit. f. DSGVO) Social Plugins (&#8222;Plugins&#8220;) des sozialen Netzwerkes facebook.com, welches von der Facebook Ireland Ltd., 4 Grand Canal Square, Grand Canal Harbour, Dublin 2, Irland betrieben wird (&#8222;Facebook&#8220;). Die Plugins k\u00f6nnen Interaktionselemente oder Inhalte (z.B. Videos, Grafiken oder Textbeitr\u00e4ge) darstellen und sind an einem der Facebook Logos erkennbar (wei\u00dfes \u201ef\u201c auf blauer Kachel, den Begriffen &#8222;Like&#8220;, &#8222;Gef\u00e4llt mir&#8220; oder einem \u201eDaumen hoch\u201c-Zeichen) oder sind mit dem Zusatz &#8222;Facebook Social Plugin&#8220; gekennzeichnet. Die Liste und das Aussehen der Facebook Social Plugins kann hier eingesehen werden:&nbsp;<a href=\"https:\/\/developers.facebook.com\/docs\/plugins\/\" target=\"_blank\" rel=\"noopener\">https:\/\/developers.facebook.com\/docs\/plugins\/<\/a>.<\/span><\/p>\n<p>Facebook ist unter dem Privacy-Shield-Abkommen zertifiziert und bietet hierdurch eine Garantie, das europ\u00e4ische Datenschutzrecht einzuhalten (<a href=\"https:\/\/www.privacyshield.gov\/participant?id=a2zt0000000GnywAAC&amp;status=Active\" target=\"_blank\" rel=\"noopener\">https:\/\/www.privacyshield.gov\/participant?id=a2zt0000000GnywAAC&amp;status=Active<\/a>).<\/p>\n<p>Wenn ein Nutzer eine Funktion dieses Onlineangebotes aufruft, die ein solches Plugin enth\u00e4lt, baut sein Ger\u00e4t eine direkte Verbindung mit den Servern von Facebook auf. Der Inhalt des Plugins wird von Facebook direkt an das Ger\u00e4t des Nutzers \u00fcbermittelt und von diesem in das Onlineangebot eingebunden. Dabei k\u00f6nnen aus den verarbeiteten Daten Nutzungsprofile der Nutzer erstellt werden. Wir haben daher keinen Einfluss auf den Umfang der Daten, die Facebook mit Hilfe dieses Plugins erhebt und informiert die Nutzer daher entsprechend unserem Kenntnisstand.<\/p>\n<p>Durch die Einbindung der Plugins erh\u00e4lt Facebook die Information, dass ein Nutzer die entsprechende Seite des Onlineangebotes aufgerufen hat. Ist der Nutzer bei Facebook eingeloggt, kann Facebook den Besuch seinem Facebook-Konto zuordnen. Wenn Nutzer mit den Plugins interagieren, zum Beispiel den Like Button bet\u00e4tigen oder einen Kommentar abgeben, wird die entsprechende Information von Ihrem Ger\u00e4t direkt an Facebook \u00fcbermittelt und dort gespeichert. Falls ein Nutzer kein Mitglied von Facebook ist, besteht trotzdem die M\u00f6glichkeit, dass Facebook seine IP-Adresse in Erfahrung bringt und speichert. Laut Facebook wird in Deutschland nur eine anonymisierte IP-Adresse gespeichert.<\/p>\n<p>Zweck und Umfang der Datenerhebung und die weitere Verarbeitung und Nutzung der Daten durch Facebook sowie die diesbez\u00fcglichen Rechte und Einstellungsm\u00f6glichkeiten zum Schutz der Privatsph\u00e4re der Nutzer, k\u00f6nnen diese den Datenschutzhinweisen von Facebook entnehmen:&nbsp;<a href=\"https:\/\/www.facebook.com\/about\/privacy\/\" target=\"_blank\" rel=\"noopener\">https:\/\/www.facebook.com\/about\/privacy\/<\/a>.<\/p>\n<p>Wenn ein Nutzer Facebookmitglied ist und nicht m\u00f6chte, dass Facebook \u00fcber dieses Onlineangebot Daten \u00fcber ihn sammelt und mit seinen bei Facebook gespeicherten Mitgliedsdaten verkn\u00fcpft, muss er sich vor der Nutzung unseres Onlineangebotes bei Facebook ausloggen und seine Cookies l\u00f6schen. Weitere Einstellungen und Widerspr\u00fcche zur Nutzung von Daten f\u00fcr Werbezwecke, sind innerhalb der Facebook-Profileinstellungen m\u00f6glich:&nbsp;<a href=\"https:\/\/www.facebook.com\/settings?tab=ads\" target=\"_blank\" rel=\"noopener\">https:\/\/www.facebook.com\/settings?tab=ads<\/a> &nbsp;oder \u00fcber die US-amerikanische Seite&nbsp;<a href=\"http:\/\/www.aboutads.info\/choices\/\" target=\"_blank\" rel=\"noopener\">http:\/\/www.aboutads.info\/choices\/<\/a> &nbsp;oder die EU-Seite&nbsp;<a href=\"http:\/\/www.youronlinechoices.com\/\" target=\"_blank\" rel=\"noopener\">http:\/\/www.youronlinechoices.com\/<\/a>. Die Einstellungen erfolgen plattformunabh\u00e4ngig, d.h. sie werden f\u00fcr alle Ger\u00e4te, wie Desktopcomputer oder mobile Ger\u00e4te \u00fcbernommen.<\/p>\n<h3 id=\"dsg-thirdparty-twitter\">Twitter<\/h3>\n<p><span class=\"ts-muster-content\">Innerhalb unseres Onlineangebotes k\u00f6nnen Funktionen und Inhalte des Dienstes Twitter, angeboten durch die Twitter Inc., 1355 Market Street, Suite 900, San Francisco, CA 94103, USA, eingebunden werden. Hierzu k\u00f6nnen z.B. Inhalte wie Bilder, Videos oder Texte und Schaltfl\u00e4chen geh\u00f6ren, mit denen Nutzer Ihr Gefallen betreffend die Inhalte kundtun, den Verfassern der Inhalte oder unsere Beitr\u00e4ge abonnieren k\u00f6nnen. Sofern die Nutzer Mitglieder der Plattform Twitter sind, kann Twitter den Aufruf der o.g. Inhalte und Funktionen den dortigen Profilen der Nutzer zuordnen. Twitter ist unter dem Privacy-Shield-Abkommen zertifiziert und bietet hierdurch eine Garantie, das europ\u00e4ische Datenschutzrecht einzuhalten (<a href=\"https:\/\/www.privacyshield.gov\/participant?id=a2zt0000000TORzAAO&amp;status=Active\" target=\"_blank\" rel=\"noopener\">https:\/\/www.privacyshield.gov\/participant?id=a2zt0000000TORzAAO&amp;status=Active<\/a>). Datenschutzerkl\u00e4rung: <a href=\"https:\/\/twitter.com\/de\/privacy\" target=\"_blank\" rel=\"noopener\">https:\/\/twitter.com\/de\/privacy<\/a>, Opt-Out: <a href=\"https:\/\/twitter.com\/personalization\" target=\"_blank\" rel=\"noopener\">https:\/\/twitter.com\/personalization<\/a>.<\/span><\/p>\n<h3 id=\"dsg-thirdparty-googleplus\">Google+<\/h3>\n<p><span class=\"ts-muster-content\">Innerhalb unseres Onlineangebotes k\u00f6nnen Funktionen und Inhalte der Plattform Google+, angeboten durch die Google LLC, 1600 Amphitheatre Parkway, Mountain View, CA 94043, USA (\u201eGoogle\u201c), eingebunden werden. Hierzu k\u00f6nnen z.B. Inhalte wie Bilder, Videos oder Texte und Schaltfl\u00e4chen geh\u00f6ren, mit denen Nutzer Ihr Gefallen betreffend die Inhalte kundtun, den Verfassern der Inhalte oder unsere Beitr\u00e4ge abonnieren k\u00f6nnen. Sofern die Nutzer Mitglieder der Plattform Google+ sind, kann Google den Aufruf der o.g. Inhalte und Funktionen den dortigen Profilen der Nutzer zuordnen.<\/span><\/p>\n<p>Google ist unter dem Privacy-Shield-Abkommen zertifiziert und bietet hierdurch eine Garantie, das europ\u00e4ische Datenschutzrecht einzuhalten (<a href=\"https:\/\/www.privacyshield.gov\/participant?id=a2zt000000001L5AAI&amp;status=Active\" target=\"_blank\" rel=\"noopener\">https:\/\/www.privacyshield.gov\/participant?id=a2zt000000001L5AAI&amp;status=Active<\/a>). Weitere Informationen zur Datennutzung durch Google, Einstellungs- und Widerspruchsm\u00f6glichkeiten, erfahren Sie in der Datenschutzerkl\u00e4rung von Google (<a href=\"https:\/\/policies.google.com\/technologies\/ads\" target=\"_blank\" rel=\"noopener\">https:\/\/policies.google.com\/technologies\/ads<\/a>) sowie in den Einstellungen f\u00fcr die Darstellung von Werbeeinblendungen durch Google <a href=\"https:\/\/adssettings.google.com\/authenticated\" target=\"_blank\" rel=\"noopener\">(https:\/\/adssettings.google.com\/authenticated<\/a>).<\/p>\n<h3 id=\"dsg-thirdparty-youtube\">Youtube<\/h3>\n<p><span class=\"ts-muster-content\">Wir binden die Videos der Plattform \u201cYouTube\u201d des Anbieters Google LLC, 1600 Amphitheatre Parkway, Mountain View, CA 94043, USA, ein. Datenschutzerkl\u00e4rung: <a href=\"https:\/\/www.google.com\/policies\/privacy\/\" target=\"_blank\" rel=\"noopener\">https:\/\/www.google.com\/policies\/privacy\/<\/a>, Opt-Out: <a href=\"https:\/\/adssettings.google.com\/authenticated\" target=\"_blank\" rel=\"noopener\">https:\/\/adssettings.google.com\/authenticated<\/a>.<\/span><\/p>\n<h3 id=\"dsg-thirdparty-googlefonts\">Google Fonts<\/h3>\n<p><span class=\"ts-muster-content\">Wir binden die Schriftarten (&#8222;Google Fonts&#8220;) des Anbieters Google LLC, 1600 Amphitheatre Parkway, Mountain View, CA 94043, USA, ein. Datenschutzerkl\u00e4rung: <a href=\"https:\/\/www.google.com\/policies\/privacy\/\" target=\"_blank\" rel=\"noopener\">https:\/\/www.google.com\/policies\/privacy\/<\/a>, Opt-Out: <a href=\"https:\/\/adssettings.google.com\/authenticated\" target=\"_blank\" rel=\"noopener\">https:\/\/adssettings.google.com\/authenticated<\/a>.<\/span><\/p>\n<h3 id=\"dsg-thirdparty-googlerecaptcha\">Google ReCaptcha<\/h3>\n<p><span class=\"ts-muster-content\">Wir binden die Funktion zur Erkennung von Bots, z.B. bei Eingaben in Onlineformularen (&#8222;ReCaptcha&#8220;) des Anbieters Google LLC, 1600 Amphitheatre Parkway, Mountain View, CA 94043, USA, ein. Datenschutzerkl\u00e4rung: <a href=\"https:\/\/www.google.com\/policies\/privacy\/\" target=\"_blank\" rel=\"noopener\">https:\/\/www.google.com\/policies\/privacy\/<\/a>, Opt-Out: <a href=\"https:\/\/adssettings.google.com\/authenticated\" target=\"_blank\" rel=\"noopener\">https:\/\/adssettings.google.com\/authenticated<\/a>.<\/span><\/p>\n<h3 id=\"dsg-thirdparty-googlemaps\">Google Maps<\/h3>\n<p><span class=\"ts-muster-content\">Wir binden die Landkarten des Dienstes \u201cGoogle Maps\u201d des Anbieters Google LLC, 1600 Amphitheatre Parkway, Mountain View, CA 94043, USA, ein. Zu den verarbeiteten Daten k\u00f6nnen insbesondere IP-Adressen und Standortdaten der Nutzer geh\u00f6ren, die jedoch nicht ohne deren Einwilligung (im Regelfall im Rahmen der Einstellungen ihrer Mobilger\u00e4te vollzogen), erhoben werden. Die Daten k\u00f6nnen in den USA verarbeitet werden. Datenschutzerkl\u00e4rung: <a href=\"https:\/\/www.google.com\/policies\/privacy\/\" target=\"_blank\" rel=\"noopener\">https:\/\/www.google.com\/policies\/privacy\/<\/a>, Opt-Out: <a href=\"https:\/\/adssettings.google.com\/authenticated\" target=\"_blank\" rel=\"noopener\">https:\/\/adssettings.google.com\/authenticated<\/a>.<\/span><\/p>\n<p>&nbsp;<\/p>\n<p><span style=\"font-size: 14pt;\"><strong>Vom Websiteinhaber angepasste Erkl\u00e4rung<\/strong><\/span><br \/>\n<a href=\"https:\/\/datenschutz-generator.de\/\" target=\"_blank\" rel=\"nofollow noopener\">Erstellt mit Datenschutz-Generator.de von RA Dr Thomas Schwenke<\/a>&nbsp;<\/p>\n","protected":false},"excerpt":{"rendered":"<p>Verantwortlicher Dieter Ascheberg Schusterkamp 5 24640 Schmalfeld Deutschland dieter.ascheberg@eintrachtschmalfeld.org Vorsitzende des Gesangverein Eintracht Schmalfeld von 1891 ist: der Vorstand des Gesangvereins Eintracht Schmalfeld vertreten durch Irmtraut Domeyer Schulstra\u00dfe 5 24640 Schmalfeld Deutschland Impressum: www.eintrachtschmalfeld.org\/Impressum Erbringung unserer satzungs- und gesch\u00e4ftsgem\u00e4\u00dfen Leistungen Wir verarbeiten die Daten unserer Mitglieder, Unterst\u00fctzer, Interessenten, Kunden oder sonstiger Personen entsprechend Art. 6 [&hellip;]<\/p>\n","protected":false},"author":1,"featured_media":0,"parent":0,"menu_order":0,"comment_status":"closed","ping_status":"closed","template":"","meta":{"ngg_post_thumbnail":0,"footnotes":""},"class_list":["post-3512","page","type-page","status-publish","hentry"],"_links":{"self":[{"href":"https:\/\/eintrachtschmalfeld.org\/index.php?rest_route=\/wp\/v2\/pages\/3512","targetHints":{"allow":["GET"]}}],"collection":[{"href":"https:\/\/eintrachtschmalfeld.org\/index.php?rest_route=\/wp\/v2\/pages"}],"about":[{"href":"https:\/\/eintrachtschmalfeld.org\/index.php?rest_route=\/wp\/v2\/types\/page"}],"author":[{"embeddable":true,"href":"https:\/\/eintrachtschmalfeld.org\/index.php?rest_route=\/wp\/v2\/users\/1"}],"replies":[{"embeddable":true,"href":"https:\/\/eintrachtschmalfeld.org\/index.php?rest_route=%2Fwp%2Fv2%2Fcomments&post=3512"}],"version-history":[{"count":5,"href":"https:\/\/eintrachtschmalfeld.org\/index.php?rest_route=\/wp\/v2\/pages\/3512\/revisions"}],"predecessor-version":[{"id":3856,"href":"https:\/\/eintrachtschmalfeld.org\/index.php?rest_route=\/wp\/v2\/pages\/3512\/revisions\/3856"}],"wp:attachment":[{"href":"https:\/\/eintrachtschmalfeld.org\/index.php?rest_route=%2Fwp%2Fv2%2Fmedia&parent=3512"}],"curies":[{"name":"wp","href":"https:\/\/api.w.org\/{rel}","templated":true}]}}