{"id":3329,"date":"2017-01-31T18:42:00","date_gmt":"2017-01-31T17:42:00","guid":{"rendered":"http:\/\/eintrachtschmalfeld.org\/?page_id=3329"},"modified":"2017-01-31T18:42:00","modified_gmt":"2017-01-31T17:42:00","slug":"kontakt","status":"publish","type":"page","link":"https:\/\/eintrachtschmalfeld.org\/?page_id=3329","title":{"rendered":"Kontakt"},"content":{"rendered":"<p>Sofern Sie es w\u00fcnschen, k\u00f6nnen Sie \u00fcber das nachstehende Kontaktformular mit uns in Verbindung treten.&nbsp;<\/p>\n<p>&nbsp;<\/p>\n","protected":false},"excerpt":{"rendered":"<p>Sofern Sie es w\u00fcnschen, k\u00f6nnen Sie \u00fcber das nachstehende Kontaktformular mit uns in Verbindung treten.&nbsp; &nbsp;<\/p>\n","protected":false},"author":1,"featured_media":0,"parent":0,"menu_order":0,"comment_status":"closed","ping_status":"closed","template":"","meta":{"ngg_post_thumbnail":0,"footnotes":""},"class_list":["post-3329","page","type-page","status-publish","hentry"],"_links":{"self":[{"href":"https:\/\/eintrachtschmalfeld.org\/index.php?rest_route=\/wp\/v2\/pages\/3329","targetHints":{"allow":["GET"]}}],"collection":[{"href":"https:\/\/eintrachtschmalfeld.org\/index.php?rest_route=\/wp\/v2\/pages"}],"about":[{"href":"https:\/\/eintrachtschmalfeld.org\/index.php?rest_route=\/wp\/v2\/types\/page"}],"author":[{"embeddable":true,"href":"https:\/\/eintrachtschmalfeld.org\/index.php?rest_route=\/wp\/v2\/users\/1"}],"replies":[{"embeddable":true,"href":"https:\/\/eintrachtschmalfeld.org\/index.php?rest_route=%2Fwp%2Fv2%2Fcomments&post=3329"}],"version-history":[{"count":1,"href":"https:\/\/eintrachtschmalfeld.org\/index.php?rest_route=\/wp\/v2\/pages\/3329\/revisions"}],"predecessor-version":[{"id":3330,"href":"https:\/\/eintrachtschmalfeld.org\/index.php?rest_route=\/wp\/v2\/pages\/3329\/revisions\/3330"}],"wp:attachment":[{"href":"https:\/\/eintrachtschmalfeld.org\/index.php?rest_route=%2Fwp%2Fv2%2Fmedia&parent=3329"}],"curies":[{"name":"wp","href":"https:\/\/api.w.org\/{rel}","templated":true}]}}