{"id":3104,"date":"2015-01-01T19:38:18","date_gmt":"2015-01-01T19:38:18","guid":{"rendered":"http:\/\/eintrachtschmalfeld.org\/?p=3104"},"modified":"2016-08-20T19:40:57","modified_gmt":"2016-08-20T19:40:57","slug":"ein-bisschen-geschichte","status":"publish","type":"page","link":"https:\/\/eintrachtschmalfeld.org\/?page_id=3104","title":{"rendered":"ein bisschen Geschichte"},"content":{"rendered":"<h2 style=\"text-align: center;\">Kultur vor Ort<br \/>\nGesangverein Eintracht von 1891 Schmalfeld<\/h2>\n<p>Wir sind zwar der kleinste Verein, aber daf\u00fcr der \u00e4lteste Kulturtr\u00e4ger der Gemeinde.<\/p>\n<p>Singen geh\u00f6rt neben der Sprache zur \u00e4ltesten Kultur der Menschheit. 1891 gr\u00fcndeten jungen M\u00e4nner aus Schmalfeld den reinen M\u00e4nnergesangverein.<br \/>\nDer j\u00fcngste Mann war damals 17 Jahre jung &#8211; Julius M\u00f6ckelmann! Ein Nachfahre lebt heute noch in der Gemeinde &#8211; bekannt als Walter Dwinger!<br \/>\nDen meisten Frauen waren damals nur die drei K\u00b4s verg\u00f6nnt:<\/p>\n<p style=\"text-align: center;\"><strong>Kinder \u2013 K\u00fcche &#8211; Kirche<\/strong><\/p>\n<p>Die Zeiten der Monarchie und zwei unselige Kriege hat der Verein verkraftet. Was in allen Zeiten geschah, immer waren wieder S\u00e4nger da.<br \/>\nJa, nach 1949 bildetet sich sogar ein Frauenchor innerhalb des Vereins. Aber M\u00e4nnchen und Weibchen sangen stets getrennt., nur gefeiert wurde gemeinsam!<br \/>\nEndlich, im Jahre 1976, durften die Frauen gemeinsam mit den M\u00e4nnern singen, sonst h\u00e4tte der Verein damals aufgel\u00f6st werden m\u00fcssen!<br \/>\nEs entstand somit der gemischte Chor in der heutigen Form.<\/p>\n<p>Der Verein gilt als Kulturtr\u00e4ger der Gemeinde. Er gilt als Kulturtr\u00e4ger, weil er es sich zur Aufgabe gemacht hat, das deutsche Liedgut und den Chorgesang zu pflegen und aufrecht zu halten. Selbstverst\u00e4ndlich widmet sich der Verein auch, der Zeit entsprechend, fremdsprachlichem Liedgut und Chorgesang.<br \/>\nDer Verein ist ein von Finanzamt Segeberg anerkannter gemeinn\u00fctziger Verein.<\/p>\n<p>Z. Zt. besteht der Verein aus 19 Aktiven und 20 F\u00f6rdermitgliedern. Die 19 Aktiven singen vierstimmig im Chor: Bass, Alt, Sopran und Tenor!<\/p>\n<p>Wir haben die Hoffnung, zusammen mit dem S\u00e4ngerbund Schleswig-Holstein, dass das Singen an den Grundschulen wieder Einzug h\u00e4lt. So w\u00e4chst dann wieder Nachwuchs heran, dem die Musik mit der nat\u00fcrlichen, menschlichen Stimme als Ausdruck von Freude, Frohsinn und auch Trauer wieder Sinn gibt.<br \/>\nSo w\u00fcrde der Gesangverein Eintracht von 1891 Schmalfeld noch f\u00fcr viele Jahre weitergef\u00fchrt werden k\u00f6nnen!<br \/>\nDenn das Singen geh\u00f6rt neben der Sprache zum \u00e4ltesten Kulturgut der Menschheit, diese gilt es zu erhalten!<\/p>\n<p>Petra Brix<\/p>\n","protected":false},"excerpt":{"rendered":"<p>Kultur vor Ort Gesangverein Eintracht von 1891 Schmalfeld Wir sind zwar der kleinste Verein, aber daf\u00fcr der \u00e4lteste Kulturtr\u00e4ger der Gemeinde. Singen geh\u00f6rt neben der Sprache zur \u00e4ltesten Kultur der Menschheit. 1891 gr\u00fcndeten jungen M\u00e4nner aus Schmalfeld den reinen M\u00e4nnergesangverein. Der j\u00fcngste Mann war damals 17 Jahre jung &#8211; Julius M\u00f6ckelmann! Ein Nachfahre lebt heute [&hellip;]<\/p>\n","protected":false},"author":1,"featured_media":0,"parent":0,"menu_order":0,"comment_status":"closed","ping_status":"closed","template":"","meta":{"ngg_post_thumbnail":0,"footnotes":""},"class_list":["post-3104","page","type-page","status-publish","hentry"],"_links":{"self":[{"href":"https:\/\/eintrachtschmalfeld.org\/index.php?rest_route=\/wp\/v2\/pages\/3104","targetHints":{"allow":["GET"]}}],"collection":[{"href":"https:\/\/eintrachtschmalfeld.org\/index.php?rest_route=\/wp\/v2\/pages"}],"about":[{"href":"https:\/\/eintrachtschmalfeld.org\/index.php?rest_route=\/wp\/v2\/types\/page"}],"author":[{"embeddable":true,"href":"https:\/\/eintrachtschmalfeld.org\/index.php?rest_route=\/wp\/v2\/users\/1"}],"replies":[{"embeddable":true,"href":"https:\/\/eintrachtschmalfeld.org\/index.php?rest_route=%2Fwp%2Fv2%2Fcomments&post=3104"}],"version-history":[{"count":3,"href":"https:\/\/eintrachtschmalfeld.org\/index.php?rest_route=\/wp\/v2\/pages\/3104\/revisions"}],"predecessor-version":[{"id":3107,"href":"https:\/\/eintrachtschmalfeld.org\/index.php?rest_route=\/wp\/v2\/pages\/3104\/revisions\/3107"}],"wp:attachment":[{"href":"https:\/\/eintrachtschmalfeld.org\/index.php?rest_route=%2Fwp%2Fv2%2Fmedia&parent=3104"}],"curies":[{"name":"wp","href":"https:\/\/api.w.org\/{rel}","templated":true}]}}